{"id":2116,"date":"2017-04-06T12:52:00","date_gmt":"2017-04-06T12:52:00","guid":{"rendered":"https:\/\/gobertadvisors.com\/about-company\/"},"modified":"2021-08-25T12:56:23","modified_gmt":"2021-08-25T10:56:23","slug":"about-company","status":"publish","type":"page","link":"https:\/\/gobertadvisors.com\/de\/about-company\/","title":{"rendered":"\u00dcber uns"},"content":{"rendered":"<p>[vc_row][vc_column][vc_empty_space height=&#8220;11em&#8220; alter_height=&#8220;none&#8220; hide_on_mobile=&#8220;&#8220;]<div id=\"sc_background_1665208921_wrap\" class=\"sc_background_wrap\"><div id=\"sc_background_1665208921\"\n\t\t\tclass=\"sc_background sc_background_default\" style=\"color:#f8f8f8;top:0.54em;\">\u00dcBER UNS<\/div><\/div><!-- \/.sc_background_wrap --><div id=\"sc_title_537426425\"\n\t\tclass=\"sc_title color_style_default sc_title_default\"><h2 class=\"sc_item_title sc_title_title sc_align_left sc_item_title_style_default sc_item_title_tag\">Integrierte Steuer- und Rechtsl\u00f6sungen f\u00fcr Ihr Unternehmen, die auf Vertrauen und Erfahrung basieren<\/h2><\/div><!-- \/.sc_title -->[vc_empty_space height=&#8220;1.3em&#8220; alter_height=&#8220;none&#8220; hide_on_mobile=&#8220;&#8220;][\/vc_column][\/vc_row][vc_row][vc_column width=&#8220;1\/2&#8243;][vc_column_text]<span class=\"trx_addons_dropcap trx_addons_dropcap_style_1\">Die<\/span> Kanzlei Gobert &amp; Partner Rechtsanw\u00e4lte und Steuerberater wurde 2002 gegr\u00fcndet und begann als Mitglied einer der gr\u00f6\u00dften Rechtsanwaltskanzleien in Ungarn und einer der \u201ebig-four\u201c Steuerberatungs- und Wirtschaftspr\u00fcfungsgesell-schaften seit den 90-ern. Unsere Kanzlei war mit Namen wie Arthur Andersen, Pinsent Masons und Ernst &amp; Young verbunden, heute ist Gobert &amp; Partner eine unabh\u00e4ngige Full-Service Wirtschaftsrechtskanzlei mit einem erfahrenen und dynamischen Team. Zurzeit besteht unsere Firma aus zwei Partnern mit langj\u00e4hriger Erfahrung in Steuer- und Rechtsberatung von verschiedenen internationalen Firmen und insgesamt zw\u00f6lf Rechtsanw\u00e4lten und Steuerberatern.[\/vc_column_text][\/vc_column][vc_column width=&#8220;1\/2&#8243;][vc_column_text]Wir besch\u00e4ftigen uns mit einer Vielfalt von Projekten \u2013 von der lokalen Beratung und Prozessf\u00fchrung bis hin zu komplexen, grenz\u00fcberschreitenden Transaktionen und Akquisitionen. Was unsere Dienstleistungen von anderen Kanzleien unterscheidet, ist, dass wir \u00fcber fundiertes Wissen bez\u00fcglich der ungarischen Unternehmen und deren steuerliche als auch rechtliche Bed\u00fcrfnisse verf\u00fcgen, und damit in der Lage sind unsere Mandanten umfassend zu beraten und Ihre Erwartungen zu erf\u00fcllen.[\/vc_column_text][\/vc_column][\/vc_row][vc_row][vc_column][vc_empty_space height=&#8220;8em&#8220; alter_height=&#8220;none&#8220; hide_on_mobile=&#8220;&#8220;][vc_row_inner][vc_column_inner][vc_column_text]<\/p>\n<p>Gobert &amp; Partner ist ein exklusives Mitglied des f\u00fchrenden multidisziplin\u00e4ren <strong>Netzwerkes ANTEA \u2013 Alliance of Independent Firms<\/strong>, f\u00fcr den Standort Ungarn. Die Allianz hat Repr\u00e4sentanzen in 60 L\u00e4ndern und mehr als 200 B\u00fcros sowie 3,000 Experten \u00dcber Gobert &amp; Partner Internationales Netzwerk weltweit, mit einer starken Pr\u00e4senz in Asien, Europa und Lateinund Nordamerika. Die umfassende geografische Reichweite ihrer Mitglieder kommt ihren Klienten und deren internationalen Bed\u00fcrfnissen zugute. Die Partnerfirmen bieten Rechts-, Steuer-, Buchhaltungs-, Wirtschaftspr\u00fcfungs- und Firmenberatungsdienstleistungen an.<\/p>\n<p>Dar\u00fcber hinaus ist Gobert &amp; Partner auch der exklusive Repr\u00e4sentant der <strong>International Alliance of Practising Lawyers (IAPL)<\/strong>, eines der f\u00fchrenden internationalen \u201eboutique\u201c Kanzleinetzwerken mit kompetenten und hervorragenden Rechtsanw\u00e4lten. Die Mitglieder von IAPL sind weltweit in den wichtigsten Handelszentren pr\u00e4sent, damit sie die komplexen und kurzfristig wechselnden juristischen Anforderungen von Firmen auf dem globalen Markt beantworten k\u00f6nnen. Zudem ist Gobert &amp; Partner Mitglied der EELA, European Employment Lawyers Association.<\/p>\n<p><strong>Partnerb\u00fcros<\/strong> in Budapest, Belgrad, Bratislava, Bukarest, Sofia und Prag, mit einer hohen Anzahl von verschiedenen Sprachkenntnissen und einem gro\u00dfen CEE-Netzwerk von verbundenen Rechtanwaltskanzleien \u00fcber welches wir in der Lage sind, die gesamte mitteleurop\u00e4ische Region abzudecken. BWSP verf\u00fcgt \u00fcber mehr als sechzig Rechtsanw\u00e4lte, in den f\u00fcnf Partnerb\u00fcros sind mehr als 300 Rechtsanw\u00e4lte und Steuerberater im CEE-Netzwerk t\u00e4tig. Diese Partnerschaft bietet eine nahtlose, vollst\u00e4ndige Palette von Rechtsdienstleistungen in Zentral-, S\u00fcd- und Ost-Europa, in allen Bereichen des Wirtschaftsrechts (integriertes \u201eone shop stop\u201c einschlie\u00dflich der Wahlm\u00f6glichkeit der zentralen Rechnungserstellung und harmonisierte Stundens\u00e4tze; mit einem \u201eClient Partner\u201c, der f\u00fcr einen Mandanten in der Region zust\u00e4ndig ist). Die Partnerfirmen bieten zus\u00e4tzlich f\u00fcr bereits existierende und zuk\u00fcnftige Mandanten einen einheitlichen Ma\u00dfstab an Rechts-dienstleistungen, eingehende Erfahrung und lokale Kenntnis der verschiedenen Zust\u00e4ndigkeitsbereiche. Daher ist Gobert &amp; Partner in der Lage mit dieser Partnerschaft, die Bed\u00fcrfnisse aller Mandanten zu befriedigen, unabh\u00e4ngig von dem Land und der Komplexit\u00e4t der Abwicklung.<\/p>\n<p>&nbsp;<\/p>\n<p>[\/vc_column_text][\/vc_column_inner][\/vc_row_inner][vc_empty_space height=&#8220;2em&#8220; alter_height=&#8220;none&#8220; hide_on_mobile=&#8220;&#8220;][\/vc_column][\/vc_row][vc_row full_width=&#8220;stretch_row_content_no_spaces&#8220; disable_element=&#8220;yes&#8220; css=&#8220;.vc_custom_1628604721686{background-color: #141318 !important;}&#8220;][vc_column][vc_empty_space height=&#8220;6.9em&#8220; alter_height=&#8220;none&#8220; hide_on_mobile=&#8220;&#8220;]<div id=\"sc_title_1643496354\"\n\t\tclass=\"sc_title color_style_default scheme_dark sc_title_default\"><h4 class=\"sc_item_title sc_title_title sc_align_center sc_item_title_style_default sc_item_title_tag\">Awards and Accomplishements<\/h4><\/div><!-- \/.sc_title -->[vc_column_text css=&#8220;.vc_custom_1496248490667{margin-top: -1.1em !important;}&#8220;]<\/p>\n<p style=\"text-align: center;\"><span style=\"color: #95949c;\">We Are Proud Of Our Achievements<\/span><\/p>\n<p>[\/vc_column_text][vc_empty_space height=&#8220;3.7em&#8220; alter_height=&#8220;none&#8220; hide_on_mobile=&#8220;&#8220;][vc_separator color=&#8220;custom&#8220; accent_color=&#8220;#1e1c24&#8243; css=&#8220;.vc_custom_1496248700840{margin-top: 0px !important;margin-bottom: 1px !important;}&#8220;][\/vc_column][\/vc_row][vc_row full_width=&#8220;stretch_row&#8220; disable_element=&#8220;yes&#8220; css=&#8220;.vc_custom_1628604653958{background-color: #141318 !important;}&#8220;][vc_column][vc_empty_space height=&#8220;2.2em&#8220; alter_height=&#8220;none&#8220; hide_on_mobile=&#8220;&#8220;][vc_column_text el_class=&#8220;clients&#8220;]<\/p>\n<div id='gallery-1' class='gallery galleryid-2116 gallery-columns-5 gallery-size-full'><figure class='gallery-item'>\n\t\t\t<div class='gallery-icon landscape'>\n\t\t\t\t<a href='https:\/\/gobertadvisors.com\/de\/home\/client-3-2\/'><img loading=\"lazy\" decoding=\"async\" width=\"108\" height=\"42\" src=\"https:\/\/gobertadvisors.com\/wp-content\/uploads\/2017\/03\/client-3.png\" class=\"attachment-full size-full\" alt=\"\" \/><\/a>\n\t\t\t<\/div><\/figure><figure class='gallery-item'>\n\t\t\t<div class='gallery-icon landscape'>\n\t\t\t\t<a href='https:\/\/gobertadvisors.com\/de\/home\/client-5-2\/'><img loading=\"lazy\" decoding=\"async\" width=\"108\" height=\"42\" src=\"https:\/\/gobertadvisors.com\/wp-content\/uploads\/2017\/03\/client-5.png\" class=\"attachment-full size-full\" alt=\"\" \/><\/a>\n\t\t\t<\/div><\/figure><figure class='gallery-item'>\n\t\t\t<div class='gallery-icon landscape'>\n\t\t\t\t<a href='https:\/\/gobertadvisors.com\/de\/home\/client-1-2\/'><img loading=\"lazy\" decoding=\"async\" width=\"108\" height=\"42\" src=\"https:\/\/gobertadvisors.com\/wp-content\/uploads\/2017\/03\/client-1.png\" class=\"attachment-full size-full\" alt=\"\" \/><\/a>\n\t\t\t<\/div><\/figure><figure class='gallery-item'>\n\t\t\t<div class='gallery-icon landscape'>\n\t\t\t\t<a href='https:\/\/gobertadvisors.com\/de\/home\/client-2-2\/'><img loading=\"lazy\" decoding=\"async\" width=\"108\" height=\"42\" src=\"https:\/\/gobertadvisors.com\/wp-content\/uploads\/2017\/03\/client-2.png\" class=\"attachment-full size-full\" alt=\"\" \/><\/a>\n\t\t\t<\/div><\/figure><figure class='gallery-item'>\n\t\t\t<div class='gallery-icon landscape'>\n\t\t\t\t<a href='https:\/\/gobertadvisors.com\/de\/home\/client-4-2\/'><img loading=\"lazy\" decoding=\"async\" width=\"108\" height=\"42\" src=\"https:\/\/gobertadvisors.com\/wp-content\/uploads\/2017\/03\/client-4.png\" class=\"attachment-full size-full\" alt=\"\" \/><\/a>\n\t\t\t<\/div><\/figure>\n\t\t<\/div>\n\n<p>[\/vc_column_text][vc_empty_space height=&#8220;2.8em&#8220; alter_height=&#8220;none&#8220; hide_on_mobile=&#8220;&#8220;][\/vc_column][\/vc_row][vc_row][vc_column][vc_empty_space height=&#8220;9.3em&#8220; alter_height=&#8220;none&#8220; hide_on_mobile=&#8220;&#8220;]<div id=\"sc_background_740383813_wrap\" class=\"sc_background_wrap\"><div id=\"sc_background_740383813\"\n\t\t\tclass=\"sc_background sc_background_default\" style=\"color:#f8f8f8;top:0.48em;right:0px;left:0px;\">team<\/div><\/div><!-- \/.sc_background_wrap --><div class=\"sc_team color_style_default sc_team_default\"><h2 class=\"sc_item_title sc_team_title sc_align_center sc_item_title_style_default sc_item_title_tag\">Mitarbeiter<\/h2><div class=\"sc_team_slider sc_item_slider slider_swiper_outer slider_outer_nocontrols slider_outer_pagination slider_outer_pagination_bullets slider_outer_pagination_pos_bottom slider_outer_multi\">\n\t<div class=\"swiper-slider-container slider_swiper slider_noresize slider_nocontrols slider_pagination slider_pagination_bullets slider_pagination_pos_bottom slider_multi\" data-slides-per-view=\"2\" data-slides-space=\"30\" data-slides-min-width=\"200\" data-pagination=\"bullets\">\n\t\t<div class=\"slides swiper-wrapper sc_item_columns_2\"><div class=\"swiper-slide\"><div class=\"sc_team_item\">\n\t<div class=\"post_featured with_thumb hover_view_more sc_team_item_thumb\"><img loading=\"lazy\" decoding=\"async\" width=\"358\" height=\"536\" src=\"https:\/\/gobertadvisors.com\/wp-content\/uploads\/2017\/04\/Gobert-BW-White-Back.png\" class=\"attachment-williamson-thumb-portrait size-williamson-thumb-portrait wp-post-image\" alt=\"Dr. Arne Gobert\" srcset=\"https:\/\/gobertadvisors.com\/wp-content\/uploads\/2017\/04\/Gobert-BW-White-Back.png 358w, https:\/\/gobertadvisors.com\/wp-content\/uploads\/2017\/04\/Gobert-BW-White-Back-200x300.png 200w\" sizes=\"auto, (max-width: 358px) 100vw, 358px\" \/><div class=\"mask\"><\/div><div class=\"view_more_hover\"><a href=\"https:\/\/gobertadvisors.com\/de\/team\/dr-arne-gobert\/\" aria-hidden=\"true\">Mehr sehen<\/a><\/div><\/div>\t<div class=\"sc_team_item_info\">\n\t\t<div class=\"sc_team_item_header\">\n\t\t\t<h4 class=\"sc_team_item_title\"><a href=\"https:\/\/gobertadvisors.com\/de\/team\/dr-arne-gobert\/\">Dr. Arne Gobert<\/a><\/h4>\n\t\t\t<div class=\"sc_team_item_subtitle\"><\/div>\n\t\t<\/div>\n\t\t<div class=\"sc_team_item_content\"><p>Gr\u00fcnder, Eigent\u00fcmer und gesch\u00e4ftsf\u00fchrender Gesellschafter<br \/>\nTr\u00e4gerin des Verdienstkreuzes des Verdienstordens der Republik Ungarn <\/p>\n<p>Telefon: <a href=\"tel:+36 (1)\u00a0618 2514\">+36 (1)\u00a0618 2514<\/a><br \/>\nE-mail: <a href=\"mailto:arne.gobert@gfplegal.com\">arne.gobert@gfplegal.com<\/a><\/p>\n<\/div>\n\t\t<div class=\"sc_team_item_socials socials_wrap\"><\/div>\t\t<div class=\"sc_team_item_button\"><a href=\"https:\/\/gobertadvisors.com\/de\/team\/dr-arne-gobert\/\" class=\"sc_button sc_button_simple\">Learn more<\/a><\/div>\n\t<\/div>\n<\/div>\n<\/div><div class=\"swiper-slide\"><div class=\"sc_team_item\">\n\t<div class=\"post_featured with_thumb hover_view_more sc_team_item_thumb\"><img loading=\"lazy\" decoding=\"async\" width=\"367\" height=\"551\" src=\"https:\/\/gobertadvisors.com\/wp-content\/uploads\/2017\/04\/dr-ipacs-r.jpg\" class=\"attachment-williamson-thumb-portrait size-williamson-thumb-portrait wp-post-image\" alt=\"Dr. R\u00e9ka Ipacs\" srcset=\"https:\/\/gobertadvisors.com\/wp-content\/uploads\/2017\/04\/dr-ipacs-r.jpg 367w, https:\/\/gobertadvisors.com\/wp-content\/uploads\/2017\/04\/dr-ipacs-r-200x300.jpg 200w\" sizes=\"auto, (max-width: 367px) 100vw, 367px\" \/><div class=\"mask\"><\/div><div class=\"view_more_hover\"><a href=\"https:\/\/gobertadvisors.com\/de\/team\/dr-reka-ipacs\/\" aria-hidden=\"true\">Mehr sehen<\/a><\/div><\/div>\t<div class=\"sc_team_item_info\">\n\t\t<div class=\"sc_team_item_header\">\n\t\t\t<h4 class=\"sc_team_item_title\"><a href=\"https:\/\/gobertadvisors.com\/de\/team\/dr-reka-ipacs\/\">Dr. R\u00e9ka Ipacs<\/a><\/h4>\n\t\t\t<div class=\"sc_team_item_subtitle\"><\/div>\n\t\t<\/div>\n\t\t<div class=\"sc_team_item_content\"><p>Eigenkapitalpartner, Rechtsanwalt, Steuerberater<\/p>\n<p>Telefon: <a href=\"tel:+36 (1)\u00a0618 2514\">+36 (1)\u00a0618 2514<\/a><br \/>\nE-mail: <a href=\"mailto:reka.ipacs@gfplegal.com\">reka.ipacs@gfplegal.com<\/a><\/p>\n<\/div>\n\t\t<div class=\"sc_team_item_socials socials_wrap\"><\/div>\t\t<div class=\"sc_team_item_button\"><a href=\"https:\/\/gobertadvisors.com\/de\/team\/dr-reka-ipacs\/\" class=\"sc_button sc_button_simple\">Learn more<\/a><\/div>\n\t<\/div>\n<\/div>\n<\/div><div class=\"swiper-slide\"><div class=\"sc_team_item\">\n\t<div class=\"post_featured with_thumb hover_view_more sc_team_item_thumb\"><img loading=\"lazy\" decoding=\"async\" width=\"413\" height=\"551\" src=\"https:\/\/gobertadvisors.com\/wp-content\/uploads\/2017\/04\/DR-MODOS.png\" class=\"attachment-williamson-thumb-portrait size-williamson-thumb-portrait wp-post-image\" alt=\"Dr. Katalin M\u00f3dos\" srcset=\"https:\/\/gobertadvisors.com\/wp-content\/uploads\/2017\/04\/DR-MODOS.png 413w, https:\/\/gobertadvisors.com\/wp-content\/uploads\/2017\/04\/DR-MODOS-225x300.png 225w, https:\/\/gobertadvisors.com\/wp-content\/uploads\/2017\/04\/DR-MODOS-370x493.png 370w\" sizes=\"auto, (max-width: 413px) 100vw, 413px\" \/><div class=\"mask\"><\/div><div class=\"view_more_hover\"><a href=\"https:\/\/gobertadvisors.com\/de\/team\/dr-katalin-modos\/\" aria-hidden=\"true\">Mehr sehen<\/a><\/div><\/div>\t<div class=\"sc_team_item_info\">\n\t\t<div class=\"sc_team_item_header\">\n\t\t\t<h4 class=\"sc_team_item_title\"><a href=\"https:\/\/gobertadvisors.com\/de\/team\/dr-katalin-modos\/\">Dr. Katalin M\u00f3dos<\/a><\/h4>\n\t\t\t<div class=\"sc_team_item_subtitle\"><\/div>\n\t\t<\/div>\n\t\t<div class=\"sc_team_item_content\"><p>Rechtsanwalt <\/p>\n<p>Telefon: <a href=\"tel:+36 (1)\u00a0618 2514\">+36 (1)\u00a0618 25140<\/a><br \/>\nE-mail: <a href=\"mailto:katalin.modos@gfplegal.com\">katalin.modos@gfplegal.com<\/a><\/p>\n<\/div>\n\t\t<div class=\"sc_team_item_socials socials_wrap\"><\/div>\t\t<div class=\"sc_team_item_button\"><a href=\"https:\/\/gobertadvisors.com\/de\/team\/dr-katalin-modos\/\" class=\"sc_button sc_button_simple\">Learn more<\/a><\/div>\n\t<\/div>\n<\/div>\n<\/div><\/div><\/div><div class=\"slider_pagination_wrap swiper-pagination\"><\/div><\/div><\/div><!-- \/.sc_team -->[vc_empty_space height=&#8220;6.8em&#8220; alter_height=&#8220;none&#8220; hide_on_mobile=&#8220;&#8220;][\/vc_column][\/vc_row][vc_row full_width=&#8220;stretch_row&#8220; disable_element=&#8220;yes&#8220; css=&#8220;.vc_custom_1628604665435{background-color: #f8f8f8 !important;}&#8220;][vc_column][vc_empty_space height=&#8220;7.1em&#8220; alter_height=&#8220;none&#8220; hide_on_mobile=&#8220;&#8220;][vc_row_inner][vc_column_inner width=&#8220;1\/2&#8243;]<div id=\"sc_title_756205950\"\n\t\tclass=\"sc_title color_style_default sc_title_default\"><h4 class=\"sc_item_title sc_title_title sc_align_left sc_item_title_style_default sc_item_title_tag\">What makes me qualified?<\/h4><\/div><!-- \/.sc_title -->[vc_column_text]<span class=\"trx_addons_dropcap trx_addons_dropcap_style_1\">F<\/span>or over 100 years, our law firm has maintained a reputation for providing our clients with cost-effective legal services in an aggressive, professional, and honorable manner. Our law firm attorneys commonly resolve legal issues such as personal injury, auto accident, real estate, elder law, criminal, family law, child support, divorce, construction and more.[\/vc_column_text][vc_empty_space height=&#8220;3em&#8220; alter_height=&#8220;none&#8220; hide_on_mobile=&#8220;&#8220;][\/vc_column_inner][vc_column_inner width=&#8220;1\/2&#8243;]<div id=\"sc_title_1836809027\"\n\t\tclass=\"sc_title color_style_default sc_title_default\"><h4 class=\"sc_item_title sc_title_title sc_align_left sc_item_title_style_default sc_item_title_tag\">Skills<\/h4><\/div><!-- \/.sc_title -->[vc_progress_bar values=&#8220;%5B%7B%22label%22%3A%22Criminal%20Defense%22%2C%22value%22%3A%2285%22%7D%2C%7B%22label%22%3A%22Sexual%20Harassment%22%2C%22value%22%3A%2290%22%7D%2C%7B%22label%22%3A%22Civil%20Litigation%22%2C%22value%22%3A%2270%22%7D%2C%7B%22label%22%3A%22Gun%20Rights%20Restoration%22%2C%22value%22%3A%2274%22%7D%5D&#8220; bgcolor=&#8220;custom&#8220; narrow=&#8220;1&#8243; units=&#8220;%&#8220; custombgcolor=&#8220;#202125&#8243;][vc_empty_space height=&#8220;3em&#8220; alter_height=&#8220;none&#8220; hide_on_mobile=&#8220;&#8220;][\/vc_column_inner][\/vc_row_inner][vc_empty_space height=&#8220;4.1em&#8220; alter_height=&#8220;none&#8220; hide_on_mobile=&#8220;&#8220;][\/vc_column][\/vc_row][vc_row disable_element=&#8220;yes&#8220;][vc_column width=&#8220;1\/12&#8243;][\/vc_column][vc_column width=&#8220;5\/6&#8243;][vc_empty_space height=&#8220;8.5em&#8220; alter_height=&#8220;none&#8220; hide_on_mobile=&#8220;&#8220;]<div id=\"sc_background_968652385_wrap\" class=\"sc_background_wrap\"><div id=\"sc_background_968652385\"\n\t\t\tclass=\"sc_background sc_background_default\" style=\"color:#f8f8f8;top:0.21em;right:0px;left:0px;\">04<\/div><\/div><!-- \/.sc_background_wrap -->[vc_empty_space height=&#8220;10.4em&#8220; alter_height=&#8220;none&#8220; hide_on_mobile=&#8220;&#8220;][\/vc_column][vc_column width=&#8220;1\/12&#8243;][\/vc_column][\/vc_row][vc_row disable_element=&#8220;yes&#8220;][vc_column width=&#8220;1\/12&#8243;][\/vc_column][vc_column width=&#8220;10\/12&#8243;]<div id=\"widget_video_1109126010\" class=\"widget_area sc_widget_video vc_widget_video wpb_content_element\"><aside id=\"widget_video_1109126010_widget\" class=\"widget widget_video\"><div id=\"sc_video_1002300109\" class=\"trx_addons_video_player with_cover hover_play\"><img loading=\"lazy\" decoding=\"async\" src=\"https:\/\/gobertadvisors.com\/wp-content\/uploads\/2017\/04\/video_bg.jpg\" alt=\"\" width=\"974\" height=\"560\"><div class=\"video_mask\"><\/div><div class=\"video_hover before_title\" data-video=\"&lt;iframe width=&quot;1170&quot; height=&quot;560&quot; src=&quot;https:\/\/www.youtube.com\/embed\/LRQEhLGAIfU?autoplay=1&quot; frameborder=&quot;0&quot; allowfullscreen&gt;&lt;\/iframe&gt;\"><\/div><h4 class=\"video_title\">WE ARE HERE TO PROVIDE LEGAL HELP<\/h4><div class=\"video_embed video_frame\"><\/div><\/div><\/aside><\/div>[vc_empty_space height=&#8220;12em&#8220; alter_height=&#8220;none&#8220; hide_on_mobile=&#8220;&#8220;][\/vc_column][vc_column width=&#8220;1\/12&#8243;][\/vc_column][\/vc_row][vc_row full_width=&#8220;stretch_row_content_no_spaces&#8220; scheme=&#8220;dark&#8220; css=&#8220;.vc_custom_1496767216295{margin-right: 0px !important;margin-left: 0px !important;background-image: url(https:\/\/gobertadvisors.com\/wp-content\/uploads\/2017\/04\/bg-3.jpg?id=704) !important;background-position: center !important;background-repeat: no-repeat !important;background-size: cover !important;}&#8220;][vc_column][vc_empty_space height=&#8220;6.6em&#8220; alter_height=&#8220;none&#8220; hide_on_mobile=&#8220;&#8220;]<div id=\"sc_title_408063754\"\n\t\tclass=\"sc_title color_style_default sc_title_default  vc_custom_1629447619489\"><h3 class=\"sc_item_title sc_title_title sc_align_center sc_item_title_style_default\">Wir stellen sicher, dass unsere Kunden von Anw\u00e4lten beraten werden, <br>die stets Experten und oft f\u00fchrend auf ihrem Gebiet sind.<\/h3><\/div><!-- \/.sc_title -->[vc_column_text]<\/p>\n<p style=\"text-align: center;\"><dfn>Wenden Sie sich an einen erfahrenen Anwalt<\/dfn><\/p>\n<p>[\/vc_column_text][vc_empty_space height=&#8220;2.8em&#8220; alter_height=&#8220;none&#8220; hide_on_mobile=&#8220;&#8220;]<div class=\"sc_item_button sc_button_wrap sc_align_center\"><a href=\"\/de\/contacts\/\" id=\"sc_button_98025904\" class=\"sc_button color_style_default sc_button_default sc_button_size_normal sc_button_icon_left\"><span class=\"sc_button_text\"><span class=\"sc_button_title\">Beratungsanfrage<span class=\"trx_addons_icon-arrow\"><\/span><\/span><\/span><!-- \/.sc_button_text --><\/a><!-- \/.sc_button --><\/div><!-- \/.sc_item_button -->[vc_empty_space height=&#8220;6em&#8220; alter_height=&#8220;none&#8220; hide_on_mobile=&#8220;&#8220;][\/vc_column][\/vc_row]<\/p>\n","protected":false},"excerpt":{"rendered":"<p>[vc_row][vc_column][vc_empty_space height=&#8220;11em&#8220; alter_height=&#8220;none&#8220; hide_on_mobile=&#8220;&#8220;][vc_empty_space height=&#8220;1.3em&#8220; alter_height=&#8220;none&#8220; hide_on_mobile=&#8220;&#8220;][\/vc_column][\/vc_row][vc_row][vc_column width=&#8220;1\/2&#8243;][vc_column_text]Die Kanzlei Gobert &amp; Partner Rechtsanw\u00e4lte und Steuerberater wurde 2002 gegr\u00fcndet und begann als Mitglied einer der gr\u00f6\u00dften Rechtsanwaltskanzleien in Ungarn und einer der \u201ebig-four\u201c Steuerberatungs- und Wirtschaftspr\u00fcfungsgesell-schaften seit den 90-ern. Unsere Kanzlei war mit Namen wie Arthur Andersen, Pinsent Masons und Ernst &amp; Young verbunden, heute ist Gobert &amp; Partner eine unabh\u00e4ngige&hellip;<\/p>\n","protected":false},"author":1,"featured_media":0,"parent":0,"menu_order":0,"comment_status":"closed","ping_status":"closed","template":"","meta":{"footnotes":""},"class_list":["post-2116","page","type-page","status-publish","hentry"],"_links":{"self":[{"href":"https:\/\/gobertadvisors.com\/de\/wp-json\/wp\/v2\/pages\/2116","targetHints":{"allow":["GET"]}}],"collection":[{"href":"https:\/\/gobertadvisors.com\/de\/wp-json\/wp\/v2\/pages"}],"about":[{"href":"https:\/\/gobertadvisors.com\/de\/wp-json\/wp\/v2\/types\/page"}],"author":[{"embeddable":true,"href":"https:\/\/gobertadvisors.com\/de\/wp-json\/wp\/v2\/users\/1"}],"replies":[{"embeddable":true,"href":"https:\/\/gobertadvisors.com\/de\/wp-json\/wp\/v2\/comments?post=2116"}],"version-history":[{"count":9,"href":"https:\/\/gobertadvisors.com\/de\/wp-json\/wp\/v2\/pages\/2116\/revisions"}],"predecessor-version":[{"id":2780,"href":"https:\/\/gobertadvisors.com\/de\/wp-json\/wp\/v2\/pages\/2116\/revisions\/2780"}],"wp:attachment":[{"href":"https:\/\/gobertadvisors.com\/de\/wp-json\/wp\/v2\/media?parent=2116"}],"curies":[{"name":"wp","href":"https:\/\/api.w.org\/{rel}","templated":true}]}}